{"id":77,"date":"2015-10-08T14:59:50","date_gmt":"2015-10-08T14:59:50","guid":{"rendered":"http:\/\/klinikadentarelako.al\/?page_id=77"},"modified":"2019-01-11T11:22:32","modified_gmt":"2019-01-11T11:22:32","slug":"paradontologji","status":"publish","type":"page","link":"https:\/\/klinikadentarelako.al\/index.php\/paradontologji\/","title":{"rendered":"Paradontologji"},"content":{"rendered":"","protected":false},"excerpt":{"rendered":"","protected":false},"author":1,"featured_media":189,"parent":0,"menu_order":0,"comment_status":"closed","ping_status":"closed","template":"","meta":{"footnotes":""},"class_list":["post-77","page","type-page","status-publish","has-post-thumbnail","hentry"],"yoast_head":"<!-- This site is optimized with the Yoast SEO plugin v27.4 - https:\/\/yoast.com\/product\/yoast-seo-wordpress\/ -->\n<title>Paradontologji - Klinika Dentare Lako<\/title>\n<meta name=\"description\" content=\"Paradontologjia merret me parandalimin dhe trajtimin e s\u00ebmundjes periodontale q\u00eb d\u00ebmton indet mb\u00ebshtet\u00ebse t\u00eb dh\u00ebmbit duke \u00e7uar deri n\u00eb humbjen e dh\u00ebmbit.\" \/>\n<meta name=\"robots\" content=\"index, follow, max-snippet:-1, max-image-preview:large, max-video-preview:-1\" \/>\n<link rel=\"canonical\" href=\"https:\/\/klinikadentarelako.al\/index.php\/paradontologji\/\" \/>\n<meta property=\"og:locale\" content=\"sq_AL\" \/>\n<meta property=\"og:type\" content=\"article\" \/>\n<meta property=\"og:title\" content=\"Paradontologji - Klinika Dentare Lako\" \/>\n<meta property=\"og:description\" content=\"Paradontologjia merret me parandalimin dhe trajtimin e s\u00ebmundjes periodontale q\u00eb d\u00ebmton indet mb\u00ebshtet\u00ebse t\u00eb dh\u00ebmbit duke \u00e7uar deri n\u00eb humbjen e dh\u00ebmbit.\" \/>\n<meta property=\"og:url\" content=\"https:\/\/klinikadentarelako.al\/index.php\/paradontologji\/\" \/>\n<meta property=\"og:site_name\" content=\"Klinika Dentare Lako\" \/>\n<meta property=\"article:modified_time\" content=\"2019-01-11T11:22:32+00:00\" \/>\n<meta property=\"og:image\" content=\"https:\/\/klinikadentarelako.al\/wp-content\/uploads\/2014\/11\/home_doctor_subheaderledi-marjolda.png\" \/>\n\t<meta property=\"og:image:width\" content=\"1910\" \/>\n\t<meta property=\"og:image:height\" content=\"600\" \/>\n\t<meta property=\"og:image:type\" content=\"image\/png\" \/>\n<meta name=\"twitter:card\" content=\"summary_large_image\" \/>\n<script type=\"application\/ld+json\" class=\"yoast-schema-graph\">{\"@context\":\"https:\\\/\\\/schema.org\",\"@graph\":[{\"@type\":\"WebPage\",\"@id\":\"https:\\\/\\\/klinikadentarelako.al\\\/index.php\\\/paradontologji\\\/\",\"url\":\"https:\\\/\\\/klinikadentarelako.al\\\/index.php\\\/paradontologji\\\/\",\"name\":\"Paradontologji - Klinika Dentare Lako\",\"isPartOf\":{\"@id\":\"https:\\\/\\\/klinikadentarelako.al\\\/#website\"},\"primaryImageOfPage\":{\"@id\":\"https:\\\/\\\/klinikadentarelako.al\\\/index.php\\\/paradontologji\\\/#primaryimage\"},\"image\":{\"@id\":\"https:\\\/\\\/klinikadentarelako.al\\\/index.php\\\/paradontologji\\\/#primaryimage\"},\"thumbnailUrl\":\"https:\\\/\\\/klinikadentarelako.al\\\/wp-content\\\/uploads\\\/2014\\\/11\\\/home_doctor_subheaderledi-marjolda.png\",\"datePublished\":\"2015-10-08T14:59:50+00:00\",\"dateModified\":\"2019-01-11T11:22:32+00:00\",\"description\":\"Paradontologjia merret me parandalimin dhe trajtimin e s\u00ebmundjes periodontale q\u00eb d\u00ebmton indet mb\u00ebshtet\u00ebse t\u00eb dh\u00ebmbit duke \u00e7uar deri n\u00eb humbjen e dh\u00ebmbit.\",\"breadcrumb\":{\"@id\":\"https:\\\/\\\/klinikadentarelako.al\\\/index.php\\\/paradontologji\\\/#breadcrumb\"},\"inLanguage\":\"sq\",\"potentialAction\":[{\"@type\":\"ReadAction\",\"target\":[\"https:\\\/\\\/klinikadentarelako.al\\\/index.php\\\/paradontologji\\\/\"]}]},{\"@type\":\"ImageObject\",\"inLanguage\":\"sq\",\"@id\":\"https:\\\/\\\/klinikadentarelako.al\\\/index.php\\\/paradontologji\\\/#primaryimage\",\"url\":\"https:\\\/\\\/klinikadentarelako.al\\\/wp-content\\\/uploads\\\/2014\\\/11\\\/home_doctor_subheaderledi-marjolda.png\",\"contentUrl\":\"https:\\\/\\\/klinikadentarelako.al\\\/wp-content\\\/uploads\\\/2014\\\/11\\\/home_doctor_subheaderledi-marjolda.png\",\"width\":1910,\"height\":600},{\"@type\":\"BreadcrumbList\",\"@id\":\"https:\\\/\\\/klinikadentarelako.al\\\/index.php\\\/paradontologji\\\/#breadcrumb\",\"itemListElement\":[{\"@type\":\"ListItem\",\"position\":1,\"name\":\"Home\",\"item\":\"https:\\\/\\\/klinikadentarelako.al\\\/\"},{\"@type\":\"ListItem\",\"position\":2,\"name\":\"Paradontologji\"}]},{\"@type\":\"WebSite\",\"@id\":\"https:\\\/\\\/klinikadentarelako.al\\\/#website\",\"url\":\"https:\\\/\\\/klinikadentarelako.al\\\/\",\"name\":\"Klinika Dentare Lako\",\"description\":\"Smile and Let It Go\",\"potentialAction\":[{\"@type\":\"SearchAction\",\"target\":{\"@type\":\"EntryPoint\",\"urlTemplate\":\"https:\\\/\\\/klinikadentarelako.al\\\/?s={search_term_string}\"},\"query-input\":{\"@type\":\"PropertyValueSpecification\",\"valueRequired\":true,\"valueName\":\"search_term_string\"}}],\"inLanguage\":\"sq\"}]}<\/script>\n<!-- \/ Yoast SEO plugin. -->","yoast_head_json":{"title":"Paradontologji - Klinika Dentare Lako","description":"Paradontologjia merret me parandalimin dhe trajtimin e s\u00ebmundjes periodontale q\u00eb d\u00ebmton indet mb\u00ebshtet\u00ebse t\u00eb dh\u00ebmbit duke \u00e7uar deri n\u00eb humbjen e dh\u00ebmbit.","robots":{"index":"index","follow":"follow","max-snippet":"max-snippet:-1","max-image-preview":"max-image-preview:large","max-video-preview":"max-video-preview:-1"},"canonical":"https:\/\/klinikadentarelako.al\/index.php\/paradontologji\/","og_locale":"sq_AL","og_type":"article","og_title":"Paradontologji - Klinika Dentare Lako","og_description":"Paradontologjia merret me parandalimin dhe trajtimin e s\u00ebmundjes periodontale q\u00eb d\u00ebmton indet mb\u00ebshtet\u00ebse t\u00eb dh\u00ebmbit duke \u00e7uar deri n\u00eb humbjen e dh\u00ebmbit.","og_url":"https:\/\/klinikadentarelako.al\/index.php\/paradontologji\/","og_site_name":"Klinika Dentare Lako","article_modified_time":"2019-01-11T11:22:32+00:00","og_image":[{"width":1910,"height":600,"url":"https:\/\/klinikadentarelako.al\/wp-content\/uploads\/2014\/11\/home_doctor_subheaderledi-marjolda.png","type":"image\/png"}],"twitter_card":"summary_large_image","schema":{"@context":"https:\/\/schema.org","@graph":[{"@type":"WebPage","@id":"https:\/\/klinikadentarelako.al\/index.php\/paradontologji\/","url":"https:\/\/klinikadentarelako.al\/index.php\/paradontologji\/","name":"Paradontologji - Klinika Dentare Lako","isPartOf":{"@id":"https:\/\/klinikadentarelako.al\/#website"},"primaryImageOfPage":{"@id":"https:\/\/klinikadentarelako.al\/index.php\/paradontologji\/#primaryimage"},"image":{"@id":"https:\/\/klinikadentarelako.al\/index.php\/paradontologji\/#primaryimage"},"thumbnailUrl":"https:\/\/klinikadentarelako.al\/wp-content\/uploads\/2014\/11\/home_doctor_subheaderledi-marjolda.png","datePublished":"2015-10-08T14:59:50+00:00","dateModified":"2019-01-11T11:22:32+00:00","description":"Paradontologjia merret me parandalimin dhe trajtimin e s\u00ebmundjes periodontale q\u00eb d\u00ebmton indet mb\u00ebshtet\u00ebse t\u00eb dh\u00ebmbit duke \u00e7uar deri n\u00eb humbjen e dh\u00ebmbit.","breadcrumb":{"@id":"https:\/\/klinikadentarelako.al\/index.php\/paradontologji\/#breadcrumb"},"inLanguage":"sq","potentialAction":[{"@type":"ReadAction","target":["https:\/\/klinikadentarelako.al\/index.php\/paradontologji\/"]}]},{"@type":"ImageObject","inLanguage":"sq","@id":"https:\/\/klinikadentarelako.al\/index.php\/paradontologji\/#primaryimage","url":"https:\/\/klinikadentarelako.al\/wp-content\/uploads\/2014\/11\/home_doctor_subheaderledi-marjolda.png","contentUrl":"https:\/\/klinikadentarelako.al\/wp-content\/uploads\/2014\/11\/home_doctor_subheaderledi-marjolda.png","width":1910,"height":600},{"@type":"BreadcrumbList","@id":"https:\/\/klinikadentarelako.al\/index.php\/paradontologji\/#breadcrumb","itemListElement":[{"@type":"ListItem","position":1,"name":"Home","item":"https:\/\/klinikadentarelako.al\/"},{"@type":"ListItem","position":2,"name":"Paradontologji"}]},{"@type":"WebSite","@id":"https:\/\/klinikadentarelako.al\/#website","url":"https:\/\/klinikadentarelako.al\/","name":"Klinika Dentare Lako","description":"Smile and Let It Go","potentialAction":[{"@type":"SearchAction","target":{"@type":"EntryPoint","urlTemplate":"https:\/\/klinikadentarelako.al\/?s={search_term_string}"},"query-input":{"@type":"PropertyValueSpecification","valueRequired":true,"valueName":"search_term_string"}}],"inLanguage":"sq"}]}},"jetpack_sharing_enabled":true,"_links":{"self":[{"href":"https:\/\/klinikadentarelako.al\/index.php\/wp-json\/wp\/v2\/pages\/77","targetHints":{"allow":["GET"]}}],"collection":[{"href":"https:\/\/klinikadentarelako.al\/index.php\/wp-json\/wp\/v2\/pages"}],"about":[{"href":"https:\/\/klinikadentarelako.al\/index.php\/wp-json\/wp\/v2\/types\/page"}],"author":[{"embeddable":true,"href":"https:\/\/klinikadentarelako.al\/index.php\/wp-json\/wp\/v2\/users\/1"}],"replies":[{"embeddable":true,"href":"https:\/\/klinikadentarelako.al\/index.php\/wp-json\/wp\/v2\/comments?post=77"}],"version-history":[{"count":1,"href":"https:\/\/klinikadentarelako.al\/index.php\/wp-json\/wp\/v2\/pages\/77\/revisions"}],"predecessor-version":[{"id":78,"href":"https:\/\/klinikadentarelako.al\/index.php\/wp-json\/wp\/v2\/pages\/77\/revisions\/78"}],"wp:featuredmedia":[{"embeddable":true,"href":"https:\/\/klinikadentarelako.al\/index.php\/wp-json\/wp\/v2\/media\/189"}],"wp:attachment":[{"href":"https:\/\/klinikadentarelako.al\/index.php\/wp-json\/wp\/v2\/media?parent=77"}],"curies":[{"name":"wp","href":"https:\/\/api.w.org\/{rel}","templated":true}]}}