{"id":25,"date":"2014-11-21T14:58:05","date_gmt":"2014-11-21T14:58:05","guid":{"rendered":"http:\/\/themes.muffingroup.com\/be\/medic\/?page_id=25"},"modified":"2019-10-05T09:23:56","modified_gmt":"2019-10-05T09:23:56","slug":"contact","status":"publish","type":"page","link":"https:\/\/klinikadentarelako.al\/index.php\/contact\/","title":{"rendered":"Kontakt"},"content":{"rendered":"","protected":false},"excerpt":{"rendered":"","protected":false},"author":1,"featured_media":189,"parent":0,"menu_order":0,"comment_status":"open","ping_status":"open","template":"","meta":{"footnotes":""},"class_list":["post-25","page","type-page","status-publish","has-post-thumbnail","hentry"],"yoast_head":"<!-- This site is optimized with the Yoast SEO plugin v27.4 - https:\/\/yoast.com\/product\/yoast-seo-wordpress\/ -->\n<title>Kontakt - Klinika Dentare Lako<\/title>\n<meta name=\"description\" content=\"Kontakt 24 or\u00eb n\u00eb 24! N\u00ebse keni ndonj\u00eb pyetje, lutemi mos hezitoni t\u00eb na d\u00ebrgoni nj\u00eb mesazh. Ne p\u00ebrgjigjemi brenda 24 or\u00ebve!\" \/>\n<meta name=\"robots\" content=\"index, follow, max-snippet:-1, max-image-preview:large, max-video-preview:-1\" \/>\n<link rel=\"canonical\" href=\"https:\/\/klinikadentarelako.al\/index.php\/contact\/\" \/>\n<meta property=\"og:locale\" content=\"sq_AL\" \/>\n<meta property=\"og:type\" content=\"article\" \/>\n<meta property=\"og:title\" content=\"Kontakt - Klinika Dentare Lako\" \/>\n<meta property=\"og:description\" content=\"Kontakt 24 or\u00eb n\u00eb 24! N\u00ebse keni ndonj\u00eb pyetje, lutemi mos hezitoni t\u00eb na d\u00ebrgoni nj\u00eb mesazh. Ne p\u00ebrgjigjemi brenda 24 or\u00ebve!\" \/>\n<meta property=\"og:url\" content=\"https:\/\/klinikadentarelako.al\/index.php\/contact\/\" \/>\n<meta property=\"og:site_name\" content=\"Klinika Dentare Lako\" \/>\n<meta property=\"article:modified_time\" content=\"2019-10-05T09:23:56+00:00\" \/>\n<meta property=\"og:image\" content=\"https:\/\/klinikadentarelako.al\/wp-content\/uploads\/2014\/11\/home_doctor_subheaderledi-marjolda.png\" \/>\n\t<meta property=\"og:image:width\" content=\"1910\" \/>\n\t<meta property=\"og:image:height\" content=\"600\" \/>\n\t<meta property=\"og:image:type\" content=\"image\/png\" \/>\n<meta name=\"twitter:card\" content=\"summary_large_image\" \/>\n<script type=\"application\/ld+json\" class=\"yoast-schema-graph\">{\"@context\":\"https:\\\/\\\/schema.org\",\"@graph\":[{\"@type\":\"WebPage\",\"@id\":\"https:\\\/\\\/klinikadentarelako.al\\\/index.php\\\/contact\\\/\",\"url\":\"https:\\\/\\\/klinikadentarelako.al\\\/index.php\\\/contact\\\/\",\"name\":\"Kontakt - Klinika Dentare Lako\",\"isPartOf\":{\"@id\":\"http:\\\/\\\/klinikadentarelako.al\\\/#website\"},\"primaryImageOfPage\":{\"@id\":\"https:\\\/\\\/klinikadentarelako.al\\\/index.php\\\/contact\\\/#primaryimage\"},\"image\":{\"@id\":\"https:\\\/\\\/klinikadentarelako.al\\\/index.php\\\/contact\\\/#primaryimage\"},\"thumbnailUrl\":\"https:\\\/\\\/klinikadentarelako.al\\\/wp-content\\\/uploads\\\/2014\\\/11\\\/home_doctor_subheaderledi-marjolda.png\",\"datePublished\":\"2014-11-21T14:58:05+00:00\",\"dateModified\":\"2019-10-05T09:23:56+00:00\",\"description\":\"Kontakt 24 or\u00eb n\u00eb 24! N\u00ebse keni ndonj\u00eb pyetje, lutemi mos hezitoni t\u00eb na d\u00ebrgoni nj\u00eb mesazh. Ne p\u00ebrgjigjemi brenda 24 or\u00ebve!\",\"breadcrumb\":{\"@id\":\"https:\\\/\\\/klinikadentarelako.al\\\/index.php\\\/contact\\\/#breadcrumb\"},\"inLanguage\":\"sq\",\"potentialAction\":[{\"@type\":\"ReadAction\",\"target\":[\"https:\\\/\\\/klinikadentarelako.al\\\/index.php\\\/contact\\\/\"]}]},{\"@type\":\"ImageObject\",\"inLanguage\":\"sq\",\"@id\":\"https:\\\/\\\/klinikadentarelako.al\\\/index.php\\\/contact\\\/#primaryimage\",\"url\":\"https:\\\/\\\/klinikadentarelako.al\\\/wp-content\\\/uploads\\\/2014\\\/11\\\/home_doctor_subheaderledi-marjolda.png\",\"contentUrl\":\"https:\\\/\\\/klinikadentarelako.al\\\/wp-content\\\/uploads\\\/2014\\\/11\\\/home_doctor_subheaderledi-marjolda.png\",\"width\":1910,\"height\":600},{\"@type\":\"BreadcrumbList\",\"@id\":\"https:\\\/\\\/klinikadentarelako.al\\\/index.php\\\/contact\\\/#breadcrumb\",\"itemListElement\":[{\"@type\":\"ListItem\",\"position\":1,\"name\":\"Home\",\"item\":\"http:\\\/\\\/klinikadentarelako.al\\\/\"},{\"@type\":\"ListItem\",\"position\":2,\"name\":\"Kontakt\"}]},{\"@type\":\"WebSite\",\"@id\":\"http:\\\/\\\/klinikadentarelako.al\\\/#website\",\"url\":\"http:\\\/\\\/klinikadentarelako.al\\\/\",\"name\":\"Klinika Dentare Lako\",\"description\":\"Smile and Let It Go\",\"potentialAction\":[{\"@type\":\"SearchAction\",\"target\":{\"@type\":\"EntryPoint\",\"urlTemplate\":\"http:\\\/\\\/klinikadentarelako.al\\\/?s={search_term_string}\"},\"query-input\":{\"@type\":\"PropertyValueSpecification\",\"valueRequired\":true,\"valueName\":\"search_term_string\"}}],\"inLanguage\":\"sq\"}]}<\/script>\n<!-- \/ Yoast SEO plugin. -->","yoast_head_json":{"title":"Kontakt - Klinika Dentare Lako","description":"Kontakt 24 or\u00eb n\u00eb 24! N\u00ebse keni ndonj\u00eb pyetje, lutemi mos hezitoni t\u00eb na d\u00ebrgoni nj\u00eb mesazh. Ne p\u00ebrgjigjemi brenda 24 or\u00ebve!","robots":{"index":"index","follow":"follow","max-snippet":"max-snippet:-1","max-image-preview":"max-image-preview:large","max-video-preview":"max-video-preview:-1"},"canonical":"https:\/\/klinikadentarelako.al\/index.php\/contact\/","og_locale":"sq_AL","og_type":"article","og_title":"Kontakt - Klinika Dentare Lako","og_description":"Kontakt 24 or\u00eb n\u00eb 24! N\u00ebse keni ndonj\u00eb pyetje, lutemi mos hezitoni t\u00eb na d\u00ebrgoni nj\u00eb mesazh. Ne p\u00ebrgjigjemi brenda 24 or\u00ebve!","og_url":"https:\/\/klinikadentarelako.al\/index.php\/contact\/","og_site_name":"Klinika Dentare Lako","article_modified_time":"2019-10-05T09:23:56+00:00","og_image":[{"width":1910,"height":600,"url":"https:\/\/klinikadentarelako.al\/wp-content\/uploads\/2014\/11\/home_doctor_subheaderledi-marjolda.png","type":"image\/png"}],"twitter_card":"summary_large_image","schema":{"@context":"https:\/\/schema.org","@graph":[{"@type":"WebPage","@id":"https:\/\/klinikadentarelako.al\/index.php\/contact\/","url":"https:\/\/klinikadentarelako.al\/index.php\/contact\/","name":"Kontakt - Klinika Dentare Lako","isPartOf":{"@id":"http:\/\/klinikadentarelako.al\/#website"},"primaryImageOfPage":{"@id":"https:\/\/klinikadentarelako.al\/index.php\/contact\/#primaryimage"},"image":{"@id":"https:\/\/klinikadentarelako.al\/index.php\/contact\/#primaryimage"},"thumbnailUrl":"https:\/\/klinikadentarelako.al\/wp-content\/uploads\/2014\/11\/home_doctor_subheaderledi-marjolda.png","datePublished":"2014-11-21T14:58:05+00:00","dateModified":"2019-10-05T09:23:56+00:00","description":"Kontakt 24 or\u00eb n\u00eb 24! N\u00ebse keni ndonj\u00eb pyetje, lutemi mos hezitoni t\u00eb na d\u00ebrgoni nj\u00eb mesazh. Ne p\u00ebrgjigjemi brenda 24 or\u00ebve!","breadcrumb":{"@id":"https:\/\/klinikadentarelako.al\/index.php\/contact\/#breadcrumb"},"inLanguage":"sq","potentialAction":[{"@type":"ReadAction","target":["https:\/\/klinikadentarelako.al\/index.php\/contact\/"]}]},{"@type":"ImageObject","inLanguage":"sq","@id":"https:\/\/klinikadentarelako.al\/index.php\/contact\/#primaryimage","url":"https:\/\/klinikadentarelako.al\/wp-content\/uploads\/2014\/11\/home_doctor_subheaderledi-marjolda.png","contentUrl":"https:\/\/klinikadentarelako.al\/wp-content\/uploads\/2014\/11\/home_doctor_subheaderledi-marjolda.png","width":1910,"height":600},{"@type":"BreadcrumbList","@id":"https:\/\/klinikadentarelako.al\/index.php\/contact\/#breadcrumb","itemListElement":[{"@type":"ListItem","position":1,"name":"Home","item":"http:\/\/klinikadentarelako.al\/"},{"@type":"ListItem","position":2,"name":"Kontakt"}]},{"@type":"WebSite","@id":"http:\/\/klinikadentarelako.al\/#website","url":"http:\/\/klinikadentarelako.al\/","name":"Klinika Dentare Lako","description":"Smile and Let It Go","potentialAction":[{"@type":"SearchAction","target":{"@type":"EntryPoint","urlTemplate":"http:\/\/klinikadentarelako.al\/?s={search_term_string}"},"query-input":{"@type":"PropertyValueSpecification","valueRequired":true,"valueName":"search_term_string"}}],"inLanguage":"sq"}]}},"jetpack_sharing_enabled":true,"_links":{"self":[{"href":"https:\/\/klinikadentarelako.al\/index.php\/wp-json\/wp\/v2\/pages\/25","targetHints":{"allow":["GET"]}}],"collection":[{"href":"https:\/\/klinikadentarelako.al\/index.php\/wp-json\/wp\/v2\/pages"}],"about":[{"href":"https:\/\/klinikadentarelako.al\/index.php\/wp-json\/wp\/v2\/types\/page"}],"author":[{"embeddable":true,"href":"https:\/\/klinikadentarelako.al\/index.php\/wp-json\/wp\/v2\/users\/1"}],"replies":[{"embeddable":true,"href":"https:\/\/klinikadentarelako.al\/index.php\/wp-json\/wp\/v2\/comments?post=25"}],"version-history":[{"count":2,"href":"https:\/\/klinikadentarelako.al\/index.php\/wp-json\/wp\/v2\/pages\/25\/revisions"}],"predecessor-version":[{"id":115,"href":"https:\/\/klinikadentarelako.al\/index.php\/wp-json\/wp\/v2\/pages\/25\/revisions\/115"}],"wp:featuredmedia":[{"embeddable":true,"href":"https:\/\/klinikadentarelako.al\/index.php\/wp-json\/wp\/v2\/media\/189"}],"wp:attachment":[{"href":"https:\/\/klinikadentarelako.al\/index.php\/wp-json\/wp\/v2\/media?parent=25"}],"curies":[{"name":"wp","href":"https:\/\/api.w.org\/{rel}","templated":true}]}}