{"id":122,"date":"2015-12-16T17:11:15","date_gmt":"2015-12-16T17:11:15","guid":{"rendered":"http:\/\/klinikadentarelako.al\/?page_id=122"},"modified":"2019-01-09T14:48:41","modified_gmt":"2019-01-09T14:48:41","slug":"dr-enkelejd-lako","status":"publish","type":"page","link":"http:\/\/klinikadentarelako.al\/index.php\/dr-enkelejd-lako\/","title":{"rendered":"Dr. Enkelejd Lako"},"content":{"rendered":"<p>\u00ad\u00ad<\/p>\n","protected":false},"excerpt":{"rendered":"<p>\u00ad\u00ad<\/p>\n","protected":false},"author":1,"featured_media":45,"parent":0,"menu_order":0,"comment_status":"closed","ping_status":"closed","template":"","meta":{"footnotes":""},"class_list":["post-122","page","type-page","status-publish","has-post-thumbnail","hentry"],"yoast_head":"<!-- This site is optimized with the Yoast SEO plugin v27.4 - https:\/\/yoast.com\/product\/yoast-seo-wordpress\/ -->\n<title>Dr. Enkelejd Lako - Klinika Dentare Lako<\/title>\n<meta name=\"description\" content=\"Themelues i Klinik\u00ebs Dentare Lako \u00ebsht\u00eb Dr. Enkelejd Lako, i cili operon, p\u00ebr m\u00eb shum\u00eb se 15 vjet n\u00eb industrin\u00eb e ortodoncis\u00eb.\" \/>\n<meta name=\"robots\" content=\"index, follow, max-snippet:-1, max-image-preview:large, max-video-preview:-1\" \/>\n<link rel=\"canonical\" href=\"http:\/\/klinikadentarelako.al\/index.php\/dr-enkelejd-lako\/\" \/>\n<meta property=\"og:locale\" content=\"sq_AL\" \/>\n<meta property=\"og:type\" content=\"article\" \/>\n<meta property=\"og:title\" content=\"Dr. Enkelejd Lako - Klinika Dentare Lako\" \/>\n<meta property=\"og:description\" content=\"Themelues i Klinik\u00ebs Dentare Lako \u00ebsht\u00eb Dr. Enkelejd Lako, i cili operon, p\u00ebr m\u00eb shum\u00eb se 15 vjet n\u00eb industrin\u00eb e ortodoncis\u00eb.\" \/>\n<meta property=\"og:url\" content=\"http:\/\/klinikadentarelako.al\/index.php\/dr-enkelejd-lako\/\" \/>\n<meta property=\"og:site_name\" content=\"Klinika Dentare Lako\" \/>\n<meta property=\"article:modified_time\" content=\"2019-01-09T14:48:41+00:00\" \/>\n<meta property=\"og:image\" content=\"http:\/\/klinikadentarelako.al\/wp-content\/uploads\/revslider\/medic\/slide-doctor-bg.jpg\" \/>\n\t<meta property=\"og:image:width\" content=\"1920\" \/>\n\t<meta property=\"og:image:height\" content=\"700\" \/>\n\t<meta property=\"og:image:type\" content=\"image\/jpeg\" \/>\n<meta name=\"twitter:card\" content=\"summary_large_image\" \/>\n<script type=\"application\/ld+json\" class=\"yoast-schema-graph\">{\"@context\":\"https:\\\/\\\/schema.org\",\"@graph\":[{\"@type\":\"WebPage\",\"@id\":\"http:\\\/\\\/klinikadentarelako.al\\\/index.php\\\/dr-enkelejd-lako\\\/\",\"url\":\"http:\\\/\\\/klinikadentarelako.al\\\/index.php\\\/dr-enkelejd-lako\\\/\",\"name\":\"Dr. Enkelejd Lako - Klinika Dentare Lako\",\"isPartOf\":{\"@id\":\"https:\\\/\\\/klinikadentarelako.al\\\/#website\"},\"primaryImageOfPage\":{\"@id\":\"http:\\\/\\\/klinikadentarelako.al\\\/index.php\\\/dr-enkelejd-lako\\\/#primaryimage\"},\"image\":{\"@id\":\"http:\\\/\\\/klinikadentarelako.al\\\/index.php\\\/dr-enkelejd-lako\\\/#primaryimage\"},\"thumbnailUrl\":\"http:\\\/\\\/klinikadentarelako.al\\\/wp-content\\\/uploads\\\/revslider\\\/medic\\\/slide-doctor-bg.jpg\",\"datePublished\":\"2015-12-16T17:11:15+00:00\",\"dateModified\":\"2019-01-09T14:48:41+00:00\",\"description\":\"Themelues i Klinik\u00ebs Dentare Lako \u00ebsht\u00eb Dr. Enkelejd Lako, i cili operon, p\u00ebr m\u00eb shum\u00eb se 15 vjet n\u00eb industrin\u00eb e ortodoncis\u00eb.\",\"breadcrumb\":{\"@id\":\"http:\\\/\\\/klinikadentarelako.al\\\/index.php\\\/dr-enkelejd-lako\\\/#breadcrumb\"},\"inLanguage\":\"sq\",\"potentialAction\":[{\"@type\":\"ReadAction\",\"target\":[\"http:\\\/\\\/klinikadentarelako.al\\\/index.php\\\/dr-enkelejd-lako\\\/\"]}]},{\"@type\":\"ImageObject\",\"inLanguage\":\"sq\",\"@id\":\"http:\\\/\\\/klinikadentarelako.al\\\/index.php\\\/dr-enkelejd-lako\\\/#primaryimage\",\"url\":\"http:\\\/\\\/klinikadentarelako.al\\\/wp-content\\\/uploads\\\/revslider\\\/medic\\\/slide-doctor-bg.jpg\",\"contentUrl\":\"http:\\\/\\\/klinikadentarelako.al\\\/wp-content\\\/uploads\\\/revslider\\\/medic\\\/slide-doctor-bg.jpg\",\"width\":1920,\"height\":700},{\"@type\":\"BreadcrumbList\",\"@id\":\"http:\\\/\\\/klinikadentarelako.al\\\/index.php\\\/dr-enkelejd-lako\\\/#breadcrumb\",\"itemListElement\":[{\"@type\":\"ListItem\",\"position\":1,\"name\":\"Home\",\"item\":\"https:\\\/\\\/klinikadentarelako.al\\\/\"},{\"@type\":\"ListItem\",\"position\":2,\"name\":\"Dr. Enkelejd Lako\"}]},{\"@type\":\"WebSite\",\"@id\":\"https:\\\/\\\/klinikadentarelako.al\\\/#website\",\"url\":\"https:\\\/\\\/klinikadentarelako.al\\\/\",\"name\":\"Klinika Dentare Lako\",\"description\":\"Smile and Let It Go\",\"potentialAction\":[{\"@type\":\"SearchAction\",\"target\":{\"@type\":\"EntryPoint\",\"urlTemplate\":\"https:\\\/\\\/klinikadentarelako.al\\\/?s={search_term_string}\"},\"query-input\":{\"@type\":\"PropertyValueSpecification\",\"valueRequired\":true,\"valueName\":\"search_term_string\"}}],\"inLanguage\":\"sq\"}]}<\/script>\n<!-- \/ Yoast SEO plugin. -->","yoast_head_json":{"title":"Dr. Enkelejd Lako - Klinika Dentare Lako","description":"Themelues i Klinik\u00ebs Dentare Lako \u00ebsht\u00eb Dr. Enkelejd Lako, i cili operon, p\u00ebr m\u00eb shum\u00eb se 15 vjet n\u00eb industrin\u00eb e ortodoncis\u00eb.","robots":{"index":"index","follow":"follow","max-snippet":"max-snippet:-1","max-image-preview":"max-image-preview:large","max-video-preview":"max-video-preview:-1"},"canonical":"http:\/\/klinikadentarelako.al\/index.php\/dr-enkelejd-lako\/","og_locale":"sq_AL","og_type":"article","og_title":"Dr. Enkelejd Lako - Klinika Dentare Lako","og_description":"Themelues i Klinik\u00ebs Dentare Lako \u00ebsht\u00eb Dr. Enkelejd Lako, i cili operon, p\u00ebr m\u00eb shum\u00eb se 15 vjet n\u00eb industrin\u00eb e ortodoncis\u00eb.","og_url":"http:\/\/klinikadentarelako.al\/index.php\/dr-enkelejd-lako\/","og_site_name":"Klinika Dentare Lako","article_modified_time":"2019-01-09T14:48:41+00:00","og_image":[{"width":1920,"height":700,"url":"http:\/\/klinikadentarelako.al\/wp-content\/uploads\/revslider\/medic\/slide-doctor-bg.jpg","type":"image\/jpeg"}],"twitter_card":"summary_large_image","schema":{"@context":"https:\/\/schema.org","@graph":[{"@type":"WebPage","@id":"http:\/\/klinikadentarelako.al\/index.php\/dr-enkelejd-lako\/","url":"http:\/\/klinikadentarelako.al\/index.php\/dr-enkelejd-lako\/","name":"Dr. Enkelejd Lako - Klinika Dentare Lako","isPartOf":{"@id":"https:\/\/klinikadentarelako.al\/#website"},"primaryImageOfPage":{"@id":"http:\/\/klinikadentarelako.al\/index.php\/dr-enkelejd-lako\/#primaryimage"},"image":{"@id":"http:\/\/klinikadentarelako.al\/index.php\/dr-enkelejd-lako\/#primaryimage"},"thumbnailUrl":"http:\/\/klinikadentarelako.al\/wp-content\/uploads\/revslider\/medic\/slide-doctor-bg.jpg","datePublished":"2015-12-16T17:11:15+00:00","dateModified":"2019-01-09T14:48:41+00:00","description":"Themelues i Klinik\u00ebs Dentare Lako \u00ebsht\u00eb Dr. Enkelejd Lako, i cili operon, p\u00ebr m\u00eb shum\u00eb se 15 vjet n\u00eb industrin\u00eb e ortodoncis\u00eb.","breadcrumb":{"@id":"http:\/\/klinikadentarelako.al\/index.php\/dr-enkelejd-lako\/#breadcrumb"},"inLanguage":"sq","potentialAction":[{"@type":"ReadAction","target":["http:\/\/klinikadentarelako.al\/index.php\/dr-enkelejd-lako\/"]}]},{"@type":"ImageObject","inLanguage":"sq","@id":"http:\/\/klinikadentarelako.al\/index.php\/dr-enkelejd-lako\/#primaryimage","url":"http:\/\/klinikadentarelako.al\/wp-content\/uploads\/revslider\/medic\/slide-doctor-bg.jpg","contentUrl":"http:\/\/klinikadentarelako.al\/wp-content\/uploads\/revslider\/medic\/slide-doctor-bg.jpg","width":1920,"height":700},{"@type":"BreadcrumbList","@id":"http:\/\/klinikadentarelako.al\/index.php\/dr-enkelejd-lako\/#breadcrumb","itemListElement":[{"@type":"ListItem","position":1,"name":"Home","item":"https:\/\/klinikadentarelako.al\/"},{"@type":"ListItem","position":2,"name":"Dr. Enkelejd Lako"}]},{"@type":"WebSite","@id":"https:\/\/klinikadentarelako.al\/#website","url":"https:\/\/klinikadentarelako.al\/","name":"Klinika Dentare Lako","description":"Smile and Let It Go","potentialAction":[{"@type":"SearchAction","target":{"@type":"EntryPoint","urlTemplate":"https:\/\/klinikadentarelako.al\/?s={search_term_string}"},"query-input":{"@type":"PropertyValueSpecification","valueRequired":true,"valueName":"search_term_string"}}],"inLanguage":"sq"}]}},"jetpack_sharing_enabled":true,"_links":{"self":[{"href":"http:\/\/klinikadentarelako.al\/index.php\/wp-json\/wp\/v2\/pages\/122","targetHints":{"allow":["GET"]}}],"collection":[{"href":"http:\/\/klinikadentarelako.al\/index.php\/wp-json\/wp\/v2\/pages"}],"about":[{"href":"http:\/\/klinikadentarelako.al\/index.php\/wp-json\/wp\/v2\/types\/page"}],"author":[{"embeddable":true,"href":"http:\/\/klinikadentarelako.al\/index.php\/wp-json\/wp\/v2\/users\/1"}],"replies":[{"embeddable":true,"href":"http:\/\/klinikadentarelako.al\/index.php\/wp-json\/wp\/v2\/comments?post=122"}],"version-history":[{"count":2,"href":"http:\/\/klinikadentarelako.al\/index.php\/wp-json\/wp\/v2\/pages\/122\/revisions"}],"predecessor-version":[{"id":124,"href":"http:\/\/klinikadentarelako.al\/index.php\/wp-json\/wp\/v2\/pages\/122\/revisions\/124"}],"wp:featuredmedia":[{"embeddable":true,"href":"http:\/\/klinikadentarelako.al\/index.php\/wp-json\/wp\/v2\/media\/45"}],"wp:attachment":[{"href":"http:\/\/klinikadentarelako.al\/index.php\/wp-json\/wp\/v2\/media?parent=122"}],"curies":[{"name":"wp","href":"https:\/\/api.w.org\/{rel}","templated":true}]}}